{"id":2,"date":"2018-10-10T10:06:06","date_gmt":"2018-10-10T10:06:06","guid":{"rendered":"https:\/\/tieuphu.com\/12\/?page_id=2"},"modified":"2020-08-02T15:25:51","modified_gmt":"2020-08-02T15:25:51","slug":"about","status":"publish","type":"page","link":"https:\/\/greenhoreca.com\/vi\/about\/","title":{"rendered":"About"},"content":{"rendered":"<p><img loading=\"lazy\" decoding=\"async\" class=\"alignnone size-medium wp-image-3475 aligncenter\" src=\"https:\/\/greenhoreca.com\/wp-content\/uploads\/sites\/12\/2019\/09\/green-horeca-logo-300x112.gif\" alt=\"\" width=\"300\" height=\"112\" \/><\/p>\n<h4 id=\"tw-target-text\" class=\"tw-data-text tw-text-large tw-ta\" dir=\"ltr\" data-placeholder=\"Translation\"><span lang=\"en\" style=\"color: #008000;\" tabindex=\"0\">HORECA l\u00e0 g\u00ec?<\/span><\/h4>\n<p class=\"tw-data-text tw-text-large tw-ta\" dir=\"ltr\" data-placeholder=\"Translation\"><strong>HoReCa<\/strong>\u00a0l\u00e0 t\u1eeb vi\u1ebft t\u1eaft gh\u00e9p c\u1ee7a ba t\u1eeb\u00a0<strong>Ho<\/strong>tel,\u00a0<strong>Re<\/strong>staurant and\u00a0<strong>Ca<\/strong>tering (or\u00a0<strong>Ca<\/strong>fe).<\/p>\n<h4 dir=\"ltr\" data-placeholder=\"Translation\"><span style=\"color: #008000;\">GREEN HORECA l\u00e0 g\u00ec?<\/span><\/h4>\n<p dir=\"ltr\" data-placeholder=\"Translation\">Green Horeca c\u00f3 ngh\u0129a l\u00e0 theo \u0111u\u1ed5i c\u00e1c ho\u1ea1t \u0111\u1ed9ng b\u1ea3o v\u1ec7 v\u00e0 th\u00e2n thi\u1ec7n v\u1edbi m\u00f4i tr\u01b0\u1eddng, gi\u00fap doanh nghi\u1ec7p Kh\u00e1ch s\u1ea1n, Nh\u00e0 h\u00e0ng, Cafe c\u1ee7a b\u1ea1n gi\u1ea3m t\u00e1c \u0111\u1ed9ng x\u1ea5u c\u00f3 h\u1ea1i \u0111\u1ebfn m\u00f4i tr\u01b0\u1eddng Tr\u00e1i \u0111\u1ea5t. Trong ng\u00e0nh c\u00f4ng nghi\u1ec7p HoReCa, \u0111i\u1ec1u n\u00e0y c\u00f3 th\u1ec3 th\u00f4ng qua vi\u1ec7c gi\u1ea3m s\u1eed d\u1ee5ng n\u0103ng l\u01b0\u1ee3ng \u0111i\u1ec7n, s\u1eed d\u1ee5ng n\u0103ng l\u01b0\u1ee3ng m\u1eb7t tr\u1eddi, ti\u1ebft ki\u1ec7m n\u01b0\u1edbc, c\u1eaft gi\u1ea3m vi\u1ec7c s\u1eed d\u1ee5ng c\u00e1c s\u1ea3n ph\u1ea9m nh\u1ef1a d\u00f9ng m\u1ed9t l\u1ea7n, gi\u1ea3m thi\u1ec3u ch\u1ea5t th\u1ea3i th\u1ef1c ph\u1ea9m, s\u1eed d\u1ee5ng c\u00e1c s\u1ea3n ph\u1ea9m th\u00e2n thi\u1ec7n m\u00f4i tr\u01b0\u1eddng, l\u1ecdc kh\u00f3i m\u00f9i \u0111\u1ec3 gi\u1ea3m \u00f4 nhi\u1ec5m kh\u00f4ng kh\u00ed, v\u00e0 nhi\u1ec1u ho\u1ea1t \u0111\u1ed9ng b\u1ea3o v\u1ec7 m\u00f4i tr\u01b0\u1eddng kh\u00e1c. Green Horeca h\u01b0\u1edbng \u0111\u1ebfn s\u1ef1 ph\u00e1t tri\u1ec3n b\u1ec1n v\u1eefng.<\/p>\n<h4 dir=\"ltr\" data-placeholder=\"Translation\"><span style=\"color: #008000;\">T\u1ea1i sao ph\u1ea3i &#8220;GREEN HORECA&#8221;?<\/span><\/h4>\n<p><strong>X\u00e2y d\u1ef1ng l\u1ee3i th\u1ebf th\u01b0\u01a1ng hi\u1ec7u:<\/strong><\/p>\n<p id=\"tw-target-text\" class=\"tw-data-text tw-text-large tw-ta\" dir=\"ltr\" data-placeholder=\"Translation\"><span lang=\"vi\" tabindex=\"0\">Nh\u1eadn th\u1ee9c v\u1ec1 b\u1ea3o v\u1ec7 m\u00f4i tr\u01b0\u1eddng \u0111ang ph\u00e1t tri\u1ec3n v\u00e0 \u0111i\u1ec1u n\u00e0y c\u00f3 th\u1ec3 gi\u00fap PR th\u01b0\u01a1ng hi\u1ec7u, mang l\u1ea1i nhi\u1ec1u l\u1ee3i \u00edch kinh doanh. Kh\u00e1ch h\u00e0ng ng\u00e0y c\u00e0ng quan t\u00e2m \u0111\u1ebfn m\u00f4i tr\u01b0\u1eddng v\u00e0 c\u00f3 xu h\u01b0\u1edbng l\u1ef1a ch\u1ecdn, \u01b0u ti\u00ean nh\u1eefng th\u01b0\u01a1ng hi\u1ec7u g\u1eafn li\u1ec1n v\u1edbi c\u00e1c y\u1ebfu t\u1ed1 &#8220;Green&#8221;, &#8220;Eco&#8221;.<\/span><\/p>\n<p><strong>L\u1ee3i th\u1ebf v\u1ec1 t\u00e0i ch\u00ednh:<\/strong><\/p>\n<div id=\"tw-target-text-container\" class=\"tw-ta-container tw-nfl\">\n<p id=\"tw-target-text\" class=\"tw-data-text tw-text-large tw-ta\" dir=\"ltr\" data-placeholder=\"Translation\"><span lang=\"vi\" tabindex=\"0\">B\u1ea3n th\u00e2n kh\u00e1i ni\u1ec7m th\u00e2n thi\u1ec7n v\u1edbi m\u00f4i tr\u01b0\u1eddng \u0111\u00e3 l\u00e0 nh\u1eb1m ti\u1ebft ki\u1ec7m t\u00e0i nguy\u00ean, gi\u00fap ti\u1ebft ki\u1ec7m chi ph\u00ed t\u00e0i ch\u00ednh. \u0110\u1eb7c bi\u1ec7t khi n\u00f3i \u0111\u1ebfn\u00a0 ti\u1ebft ki\u1ec7m c\u00e1c ti\u1ec7n \u00edch, n\u0103ng l\u01b0\u1ee3ng nh\u01b0 n\u01b0\u1edbc v\u00e0 \u0111i\u1ec7n.<\/span><\/p>\n<\/div>\n<div id=\"z6maec\" class=\"tw-ta-container tw-nfl\">\n<p dir=\"ltr\" data-placeholder=\"Translation\"><strong>B\u1ea3o v\u1ec7 m\u00f4i tr\u01b0\u1eddng:<\/strong><\/p>\n<p id=\"tw-target-text\" class=\"tw-data-text tw-text-large tw-ta\" dir=\"ltr\" data-placeholder=\"Translation\"><span lang=\"vi\" tabindex=\"0\">Nh\u00e0 b\u1ebfp c\u1ee7a kh\u00e1ch s\u1ea1n, nh\u00e0 h\u00e0ng th\u1ea3i ra m\u1ed9t l\u01b0\u1ee3ng l\u1edbn kh\u00f3i, m\u00f9i, n\u01b0\u1edbc th\u1ea3i g\u00e2y \u00f4 nhi\u1ec5m kh\u00f4ng kh\u00ed, \u0111e d\u1ecda s\u1ee9c kh\u1ecfe con ng\u01b0\u1eddi v\u00e0 l\u00e0m \u00f4 nhi\u1ec5m m\u00f4i tr\u01b0\u1eddng xung quanh. L\u1eafp \u0111\u1eb7t c\u00e1c thi\u1ebft b\u1ecb m\u00f4i tr\u01b0\u1eddng nh\u01b0 b\u1eaby m\u1ee1, m\u00e1y l\u1ecdc m\u00f9i v\u00e0 kh\u00f3i trong nh\u00e0 b\u1ebfp th\u01b0\u01a1ng m\u1ea1i c\u00f3 th\u1ec3 l\u00e0m gi\u1ea3m \u00f4 nhi\u1ec5m kh\u00f4ng kh\u00ed. <\/span><\/p>\n<p class=\"tw-data-text tw-text-large tw-ta\" dir=\"ltr\" data-placeholder=\"Translation\"><span lang=\"vi\" tabindex=\"0\">Vi\u1ec7c s\u1eed d\u1ee5ng nh\u1ef1a v\u00e0 c\u00e1c v\u1eadt li\u1ec7u d\u00f9ng m\u1ed9t l\u1ea7n kh\u00e1c s\u1ebd l\u00e0m h\u1ecfng m\u00f4i tr\u01b0\u1eddng tr\u00e1i \u0111\u1ea5t, s\u00f4ng, \u0111\u1ea1i d\u01b0\u01a1ng. Gi\u1ea3m v\u00e0 h\u1ea1n ch\u1ebf s\u1eed d\u1ee5ng nh\u1ef1a s\u1ebd l\u00e0m gi\u1ea3m \u00f4 nhi\u1ec5m ch\u1ea5t th\u1ea3i. \u1ede quy m\u00f4 v\u0129 m\u00f4, Green Horeca g\u00f3p ph\u1ea7n ch\u1ed1ng l\u1ea1i bi\u1ebfn \u0111\u1ed5i kh\u00ed h\u1eadu tr\u00ean to\u00e0n th\u1ebf gi\u1edbi.<\/span><\/p>\n<\/div>\n<p><span lang=\"en\" tabindex=\"0\"><strong>Ph\u00e1t tri\u1ec3n b\u1ec1n v\u1eefng:<\/strong> \u0110\u1ecbnh h\u01b0\u1edbng Xanh <\/span><span lang=\"vi\" tabindex=\"0\">l\u00e0 \u0111\u1ecbnh h\u01b0\u1edbng ph\u00e1t tri\u1ec3n kinh doanh b\u1ec1n v\u1eefng!<\/span><\/p>\n<p><strong><span style=\"color: #003366;\">Tham gia c\u00f9ng Green Horeca:<\/span><\/strong> G\u1eedi tin nh\u1eafn FB t\u1ea1i <a href=\"https:\/\/www.facebook.com\/GreenHoreca\/\"><span style=\"color: #003366;\">https:\/\/www.facebook.com\/GreenHoreca\/<\/span><\/a><\/p>\n<p><span style=\"color: #008000;\"><em>Green Horeca c\u00f3 m\u1ed9t nh\u00f3m (ti\u1ebfng Anh) tr\u00ean Facebook.com (https:\/\/www.facebook.com\/groups\/GreenHoreca\/) v\u00e0 nh\u00f3m ti\u1ebfng Vi\u1ec7t (<a style=\"color: #008000;\" href=\"https:\/\/www.facebook.com\/groups\/GreenHorecaVietnam\/\" target=\"_blank\" rel=\"noopener noreferrer\">https:\/\/www.facebook.com\/groups\/GreenHorecaVietnam\/<\/a>). B\u00e0i \u0111\u0103ng c\u1ee7a c\u00e1c th\u00e0nh vi\u00ean trong c\u00e1c nh\u00f3m n\u00e0y li\u00ean quan \u0111\u1ebfn Kh\u00e1ch s\u1ea1n xanh, Nh\u00e0 h\u00e0ng xanh, \u00dd t\u01b0\u1edfng xanh, Tin t\u1ee9c xanh, Gi\u1ea3i th\u01b0\u1edfng xanh b\u1eb1ng ti\u1ebfng Anh ho\u1eb7c ti\u1ebfng Vi\u1ec7t\u00a0 s\u1ebd \u0111\u01b0\u1ee3c l\u1ef1a ch\u1ecdn v\u00e0 xin ph\u00e9p \u0111\u0103ng tr\u00ean trang web c\u1ee7a GreenHoreca.com v\u1edbi th\u00f4ng tin c\u1ee7a t\u00e1c gi\u1ea3. Tr\u00e2n tr\u1ecdng!<\/em><\/span><\/p>","protected":false},"excerpt":{"rendered":"<p>HORECA l\u00e0 g\u00ec? HoReCa\u00a0l\u00e0 t\u1eeb vi\u1ebft t\u1eaft gh\u00e9p c\u1ee7a ba t\u1eeb\u00a0Hotel,\u00a0Restaurant and\u00a0Catering (or\u00a0Cafe). GREEN HORECA l\u00e0 g\u00ec? Green Horeca c\u00f3 ngh\u0129a l\u00e0 theo \u0111u\u1ed5i c\u00e1c ho\u1ea1t \u0111\u1ed9ng b\u1ea3o v\u1ec7 v\u00e0 th\u00e2n thi\u1ec7n v\u1edbi m\u00f4i tr\u01b0\u1eddng, gi\u00fap doanh nghi\u1ec7p Kh\u00e1ch s\u1ea1n, Nh\u00e0 h\u00e0ng, Cafe c\u1ee7a b\u1ea1n gi\u1ea3m t\u00e1c \u0111\u1ed9ng x\u1ea5u c\u00f3 h\u1ea1i \u0111\u1ebfn m\u00f4i tr\u01b0\u1eddng Tr\u00e1i \u0111\u1ea5t. Trong ng\u00e0nh c\u00f4ng nghi\u1ec7p HoReCa, \u0111i\u1ec1u n\u00e0y c\u00f3 th\u1ec3 th\u00f4ng qua vi\u1ec7c gi\u1ea3m s\u1eed d\u1ee5ng n\u0103ng l\u01b0\u1ee3ng \u0111i\u1ec7n, s\u1eed d\u1ee5ng n\u0103ng l\u01b0\u1ee3ng m\u1eb7t tr\u1eddi, ti\u1ebft ki\u1ec7m n\u01b0\u1edbc, c\u1eaft gi\u1ea3m vi\u1ec7c s\u1eed d\u1ee5ng c\u00e1c s\u1ea3n ph\u1ea9m nh\u1ef1a d\u00f9ng m\u1ed9t l\u1ea7n, gi\u1ea3m thi\u1ec3u ch\u1ea5t th\u1ea3i th\u1ef1c <\/p>\n","protected":false},"author":3,"featured_media":0,"parent":0,"menu_order":0,"comment_status":"closed","ping_status":"open","template":"","meta":{"footnotes":""},"_links":{"self":[{"href":"https:\/\/greenhoreca.com\/vi\/wp-json\/wp\/v2\/pages\/2"}],"collection":[{"href":"https:\/\/greenhoreca.com\/vi\/wp-json\/wp\/v2\/pages"}],"about":[{"href":"https:\/\/greenhoreca.com\/vi\/wp-json\/wp\/v2\/types\/page"}],"author":[{"embeddable":true,"href":"https:\/\/greenhoreca.com\/vi\/wp-json\/wp\/v2\/users\/3"}],"replies":[{"embeddable":true,"href":"https:\/\/greenhoreca.com\/vi\/wp-json\/wp\/v2\/comments?post=2"}],"version-history":[{"count":27,"href":"https:\/\/greenhoreca.com\/vi\/wp-json\/wp\/v2\/pages\/2\/revisions"}],"predecessor-version":[{"id":3881,"href":"https:\/\/greenhoreca.com\/vi\/wp-json\/wp\/v2\/pages\/2\/revisions\/3881"}],"wp:attachment":[{"href":"https:\/\/greenhoreca.com\/vi\/wp-json\/wp\/v2\/media?parent=2"}],"curies":[{"name":"wp","href":"https:\/\/api.w.org\/{rel}","templated":true}]}}