{"id":3566,"date":"2019-09-14T14:49:04","date_gmt":"2019-09-14T14:49:04","guid":{"rendered":"https:\/\/tieuphu.com\/gh\/?page_id=3566"},"modified":"2020-05-31T16:19:51","modified_gmt":"2020-05-31T16:19:51","slug":"faq","status":"publish","type":"page","link":"https:\/\/greenhoreca.com\/vi\/faq\/","title":{"rendered":"H\u1ecfi \u0110\u00e1p"},"content":{"rendered":"<p><h4><a class=\"wp-super-faq-question-closed\" id=\"wp-super-faq-question--0\" href=\"https:\/\/greenhoreca.com\/vi\/wp_super_faq\/what-is-horeca\/\" title=\"HORECA l\u00e0 g\u00ec?\" rel=\"question\"><span class=\"wp-super-faq-triangle\">&#9654;<\/span> HORECA l\u00e0 g\u00ec?<\/a><\/h4><div class='wp-super-faq-answer' id='wp-super-faq-question--0-answer' style='  zoom: 1;'><strong>HoReCa<\/strong> l\u00e0 t\u1eeb vi\u1ebft t\u1eaft gh\u00e9p c\u1ee7a ba t\u1eeb <strong>Ho<\/strong>tel, <strong>Re<\/strong>staurant and <strong>Ca<\/strong>tering (or <strong>Ca<\/strong>fe).<\/div><h4><a class=\"wp-super-faq-question-closed\" id=\"wp-super-faq-question--1\" href=\"https:\/\/greenhoreca.com\/vi\/wp_super_faq\/what-is-green-horeca\/\" title=\"GREEN HORECA l\u00e0 g\u00ec?\" rel=\"question\"><span class=\"wp-super-faq-triangle\">&#9654;<\/span> GREEN HORECA l\u00e0 g\u00ec?<\/a><\/h4><div class='wp-super-faq-answer' id='wp-super-faq-question--1-answer' style='  zoom: 1;'>Green Horeca c\u00f3 ngh\u0129a l\u00e0 theo \u0111u\u1ed5i c\u00e1c ho\u1ea1t \u0111\u1ed9ng b\u1ea3o v\u1ec7 v\u00e0 th\u00e2n thi\u1ec7n v\u1edbi m\u00f4i tr\u01b0\u1eddng, gi\u00fap doanh nghi\u1ec7p Kh\u00e1ch s\u1ea1n, Nh\u00e0 h\u00e0ng, Cafe c\u1ee7a b\u1ea1n gi\u1ea3m t\u00e1c \u0111\u1ed9ng x\u1ea5u c\u00f3 h\u1ea1i \u0111\u1ebfn m\u00f4i tr\u01b0\u1eddng Tr\u00e1i \u0111\u1ea5t. Trong ng\u00e0nh c\u00f4ng nghi\u1ec7p HoReCa, \u0111i\u1ec1u n\u00e0y c\u00f3 th\u1ec3 th\u00f4ng qua vi\u1ec7c gi\u1ea3m s\u1eed d\u1ee5ng n\u0103ng l\u01b0\u1ee3ng \u0111i\u1ec7n, s\u1eed d\u1ee5ng n\u0103ng l\u01b0\u1ee3ng m\u1eb7t tr\u1eddi, ti\u1ebft ki\u1ec7m n\u01b0\u1edbc, c\u1eaft gi\u1ea3m vi\u1ec7c s\u1eed d\u1ee5ng c\u00e1c s\u1ea3n ph\u1ea9m nh\u1ef1a d\u00f9ng m\u1ed9t l\u1ea7n, gi\u1ea3m thi\u1ec3u ch\u1ea5t th\u1ea3i th\u1ef1c ph\u1ea9m, s\u1eed d\u1ee5ng c\u00e1c s\u1ea3n ph\u1ea9m th\u00e2n thi\u1ec7n m\u00f4i tr\u01b0\u1eddng, l\u1ecdc kh\u00f3i m\u00f9i \u0111\u1ec3 gi\u1ea3m \u00f4 nhi\u1ec5m kh\u00f4ng kh\u00ed, v\u00e0 nhi\u1ec1u ho\u1ea1t \u0111\u1ed9ng b\u1ea3o v\u1ec7 m\u00f4i tr\u01b0\u1eddng kh\u00e1c.<\/div><h4><a class=\"wp-super-faq-question-closed\" id=\"wp-super-faq-question--2\" href=\"https:\/\/greenhoreca.com\/vi\/wp_super_faq\/why-your-horeca-should-go-green\/\" title=\"T\u1ea1i sao ph\u1ea3i &#8220;Green HORECA&#8221;\" rel=\"question\"><span class=\"wp-super-faq-triangle\">&#9654;<\/span> T\u1ea1i sao ph\u1ea3i &#8220;Green HORECA&#8221;<\/a><\/h4><div class='wp-super-faq-answer' id='wp-super-faq-question--2-answer' style='  zoom: 1;'>Xem t\u1ea1i link n\u00e0y: <a href=\"https:\/\/greenhoreca.com\/vi\/why-your-horeca-should-go-green\/\">https:\/\/greenhoreca.com\/vi\/why-your-horeca-should-go-green\/<\/a><\/div><\/p>","protected":false},"excerpt":{"rendered":"<p>R\u1ea5t ti\u1ebfc, m\u1ee5c n\u00e0y ch\u1ec9 t\u1ed3n t\u1ea1i \u1edf Ti\u1ebfng Anh (M\u1ef9).<\/p>\n","protected":false},"author":1,"featured_media":0,"parent":0,"menu_order":0,"comment_status":"closed","ping_status":"closed","template":"","meta":{"footnotes":""},"_links":{"self":[{"href":"https:\/\/greenhoreca.com\/vi\/wp-json\/wp\/v2\/pages\/3566"}],"collection":[{"href":"https:\/\/greenhoreca.com\/vi\/wp-json\/wp\/v2\/pages"}],"about":[{"href":"https:\/\/greenhoreca.com\/vi\/wp-json\/wp\/v2\/types\/page"}],"author":[{"embeddable":true,"href":"https:\/\/greenhoreca.com\/vi\/wp-json\/wp\/v2\/users\/1"}],"replies":[{"embeddable":true,"href":"https:\/\/greenhoreca.com\/vi\/wp-json\/wp\/v2\/comments?post=3566"}],"version-history":[{"count":4,"href":"https:\/\/greenhoreca.com\/vi\/wp-json\/wp\/v2\/pages\/3566\/revisions"}],"predecessor-version":[{"id":3864,"href":"https:\/\/greenhoreca.com\/vi\/wp-json\/wp\/v2\/pages\/3566\/revisions\/3864"}],"wp:attachment":[{"href":"https:\/\/greenhoreca.com\/vi\/wp-json\/wp\/v2\/media?parent=3566"}],"curies":[{"name":"wp","href":"https:\/\/api.w.org\/{rel}","templated":true}]}}