{"id":3738,"date":"2020-05-04T15:55:17","date_gmt":"2020-05-04T15:55:17","guid":{"rendered":"https:\/\/tieuphu.com\/gh\/?page_id=3738"},"modified":"2020-05-04T15:55:17","modified_gmt":"2020-05-04T15:55:17","slug":"go-green","status":"publish","type":"page","link":"https:\/\/greenhoreca.com\/vi\/go-green\/","title":{"rendered":"Xanh"},"content":{"rendered":"<p><\/p>\n<ul>\n<li><a href=\"https:\/\/greenhoreca.com\/vi\/category\/green-news\/\">Tin t\u1ee9c Xanh<\/a><\/li>\n<li><a title=\"\u00fd t\u01b0\u1edfng xanh cho kh\u00e1ch s\u1ea1n, nh\u00e0 h\u00e0ng\" href=\"https:\/\/greenhoreca.com\/vi\/category\/green-ideas-for-horeca\/\">\u00dd t\u01b0\u1edfng xanh<\/a><\/li>\n<li class=\"cat-item cat-item-37\"><a href=\"https:\/\/greenhoreca.com\/vi\/category\/eco-friendly-products\/\">S\u1ea3n ph\u1ea9m th\u00e2n thi\u1ec7n m\u00f4i tr\u01b0\u1eddng<\/a><\/li>\n<li class=\"cat-item cat-item-36\"><a href=\"https:\/\/greenhoreca.com\/vi\/category\/energy-and-water-saving\/\">Ti\u1ebft ki\u1ec7m n\u0103ng l\u01b0\u1ee3ng v\u00e0 n\u01b0\u1edbc<\/a><\/li>\n<li class=\"cat-item cat-item-20\"><a href=\"https:\/\/greenhoreca.com\/vi\/category\/fumes-and-waste-disposal\/\">X\u1eed l\u00fd ch\u1ea5t th\u1ea3i v\u00e0 kh\u00f3i m\u00f9i<\/a><\/li>\n<li class=\"cat-item cat-item-21\"><a href=\"https:\/\/greenhoreca.com\/vi\/category\/green-horeca\/\">Ki\u1ebfn th\u1ee9c v\u1ec1 Green Horeca<\/a><\/li>\n<\/ul>\n<p><\/p>","protected":false},"excerpt":{"rendered":"<p>Tin t\u1ee9c Xanh \u00dd t\u01b0\u1edfng xanh S\u1ea3n ph\u1ea9m th\u00e2n thi\u1ec7n m\u00f4i tr\u01b0\u1eddng Ti\u1ebft ki\u1ec7m n\u0103ng l\u01b0\u1ee3ng v\u00e0 n\u01b0\u1edbc X\u1eed l\u00fd ch\u1ea5t th\u1ea3i v\u00e0 kh\u00f3i m\u00f9i Ki\u1ebfn th\u1ee9c v\u1ec1 Green Horeca<\/p>\n","protected":false},"author":1,"featured_media":0,"parent":0,"menu_order":0,"comment_status":"closed","ping_status":"closed","template":"","meta":{"footnotes":""},"_links":{"self":[{"href":"https:\/\/greenhoreca.com\/vi\/wp-json\/wp\/v2\/pages\/3738"}],"collection":[{"href":"https:\/\/greenhoreca.com\/vi\/wp-json\/wp\/v2\/pages"}],"about":[{"href":"https:\/\/greenhoreca.com\/vi\/wp-json\/wp\/v2\/types\/page"}],"author":[{"embeddable":true,"href":"https:\/\/greenhoreca.com\/vi\/wp-json\/wp\/v2\/users\/1"}],"replies":[{"embeddable":true,"href":"https:\/\/greenhoreca.com\/vi\/wp-json\/wp\/v2\/comments?post=3738"}],"version-history":[{"count":1,"href":"https:\/\/greenhoreca.com\/vi\/wp-json\/wp\/v2\/pages\/3738\/revisions"}],"predecessor-version":[{"id":3739,"href":"https:\/\/greenhoreca.com\/vi\/wp-json\/wp\/v2\/pages\/3738\/revisions\/3739"}],"wp:attachment":[{"href":"https:\/\/greenhoreca.com\/vi\/wp-json\/wp\/v2\/media?parent=3738"}],"curies":[{"name":"wp","href":"https:\/\/api.w.org\/{rel}","templated":true}]}}